{"id":19510,"date":"2023-08-16T20:45:31","date_gmt":"2023-08-16T18:45:31","guid":{"rendered":"https:\/\/www.parroquiadearnedo.org\/?page_id=19510"},"modified":"2023-09-29T19:39:45","modified_gmt":"2023-09-29T17:39:45","slug":"colabora-arnezonia","status":"publish","type":"page","link":"https:\/\/www.parroquiadearnedo.org\/?page_id=19510","title":{"rendered":"Colabora con \u201cArnezon\u00eda\u201d"},"content":{"rendered":"<style type=\"text\/css\"> \n#cmsmasters_row_69f5b4a649b8f8_19915095 { \n\tbackground-image: url(https:\/\/www.parroquiadearnedo.org\/wp-content\/uploads\/2023\/08\/2ARNEZONIA5.jpg); \n\tbackground-position: center center; \n\tbackground-repeat: no-repeat; \n\tbackground-attachment: fixed; \n\tbackground-size: contain; \n} \n\n#cmsmasters_row_69f5b4a649b8f8_19915095 .cmsmasters_row_outer_parent { \n\tpadding-top: 100px; \n} \n\n#cmsmasters_row_69f5b4a649b8f8_19915095 .cmsmasters_row_outer_parent { \n\tpadding-bottom: 600px; \n} \n\n \n#cmsmasters_row_69f5b4a64a1c10_23400355 { \n\tbackground-color:#f2ea7b;\n} \n\n#cmsmasters_row_69f5b4a64a1c10_23400355 .cmsmasters_row_outer_parent { \n\tpadding-top: 120px; \n} \n\n#cmsmasters_row_69f5b4a64a1c10_23400355 .cmsmasters_row_outer_parent { \n\tpadding-bottom: 60px; \n} \n\n \n#cmsmasters_heading_69f5b4a64a4c55_66377158 { \n\ttext-align:center; \n\tmargin-top:0px; \n\tmargin-bottom:50px; \n} \n\n#cmsmasters_heading_69f5b4a64a4c55_66377158 .cmsmasters_heading { \n\ttext-align:center; \n} \n\n#cmsmasters_heading_69f5b4a64a4c55_66377158 .cmsmasters_heading, #cmsmasters_heading_69f5b4a64a4c55_66377158 .cmsmasters_heading a { \n\tfont-size:40px; \n\tfont-weight:bold; \n\tfont-style:normal; \n\tcolor:#ffffff;\n} \n\n#cmsmasters_heading_69f5b4a64a4c55_66377158 .cmsmasters_heading_divider { \n} \n\n \n\n#cmsmasters_fb_69f5b4a64a54c0_39754128 { \n\tpadding-top:0px; \n\tpadding-bottom:0px; \n\tbackground-color:#424242;\n} \n\n#cmsmasters_fb_69f5b4a64a54c0_39754128 .featured_block_inner { \n\twidth: 100%; \n\tpadding: 10% 20% 10% 20%; \n\ttext-align: left; \n\tmargin:0 auto; \n} \n\n#cmsmasters_fb_69f5b4a64a54c0_39754128 .featured_block_text { \n\ttext-align: left; \n} \n\n \n#cmsmasters_heading_69f5b4a64a71f2_71445174 { \n\ttext-align:left; \n\tmargin-top:0px; \n\tmargin-bottom:10px; \n} \n\n#cmsmasters_heading_69f5b4a64a71f2_71445174 .cmsmasters_heading { \n\ttext-align:left; \n} \n\n#cmsmasters_heading_69f5b4a64a71f2_71445174 .cmsmasters_heading, #cmsmasters_heading_69f5b4a64a71f2_71445174 .cmsmasters_heading a { \n\tfont-family:'crimson text'; \n\tfont-size:26px; \n\tline-height:32px; \n\tfont-weight:400; \n\tfont-style:italic; \n\tcolor:#ffffff;\n} \n\n#cmsmasters_heading_69f5b4a64a71f2_71445174 .cmsmasters_heading_divider { \n} \n\n \n#cmsmasters_heading_69f5b4a64a84a0_73914805 { \n\ttext-align:left; \n\tmargin-top:0px; \n\tmargin-bottom:10px; \n} \n\n#cmsmasters_heading_69f5b4a64a84a0_73914805 .cmsmasters_heading { \n\ttext-align:left; \n} \n\n#cmsmasters_heading_69f5b4a64a84a0_73914805 .cmsmasters_heading, #cmsmasters_heading_69f5b4a64a84a0_73914805 .cmsmasters_heading a { \n\tfont-family:'crimson text'; \n\tfont-size:26px; \n\tline-height:32px; \n\tfont-weight:400; \n\tfont-style:italic; \n\tcolor:#ffffff;\n} \n\n#cmsmasters_heading_69f5b4a64a84a0_73914805 .cmsmasters_heading_divider { \n} \n\n \n#cmsmasters_heading_69f5b4a64a96e3_85509697 { \n\ttext-align:left; \n\tmargin-top:0px; \n\tmargin-bottom:10px; \n} \n\n#cmsmasters_heading_69f5b4a64a96e3_85509697 .cmsmasters_heading { \n\ttext-align:left; \n} \n\n#cmsmasters_heading_69f5b4a64a96e3_85509697 .cmsmasters_heading, #cmsmasters_heading_69f5b4a64a96e3_85509697 .cmsmasters_heading a { \n\tfont-family:'crimson text'; \n\tfont-size:26px; \n\tline-height:32px; \n\tfont-weight:400; \n\tfont-style:italic; \n\tcolor:#ffffff;\n} \n\n#cmsmasters_heading_69f5b4a64a96e3_85509697 .cmsmasters_heading_divider { \n} \n\n \n#cmsmasters_heading_69f5b4a64aa8d6_13589018 { \n\ttext-align:left; \n\tmargin-top:0px; \n\tmargin-bottom:10px; \n} \n\n#cmsmasters_heading_69f5b4a64aa8d6_13589018 .cmsmasters_heading { \n\ttext-align:left; \n} \n\n#cmsmasters_heading_69f5b4a64aa8d6_13589018 .cmsmasters_heading, #cmsmasters_heading_69f5b4a64aa8d6_13589018 .cmsmasters_heading a { \n\tfont-family:'crimson text'; \n\tfont-size:26px; \n\tline-height:32px; \n\tfont-weight:400; \n\tfont-style:italic; \n\tcolor:#ffffff;\n} \n\n#cmsmasters_heading_69f5b4a64aa8d6_13589018 .cmsmasters_heading_divider { \n} \n\n \n\n#cmsmasters_fb_69f5b4a64ab3c8_95490496 { \n\tpadding-top:0px; \n\tpadding-bottom:0px; \n\tbackground-color:#ffff02;\n} \n\n#cmsmasters_fb_69f5b4a64ab3c8_95490496 .featured_block_inner { \n\twidth: 100%; \n\tpadding: 10% 20% 10% 20%; \n\ttext-align: left; \n\tmargin:0 auto; \n} \n\n#cmsmasters_fb_69f5b4a64ab3c8_95490496 .featured_block_text { \n\ttext-align: left; \n} \n\n \n#cmsmasters_heading_69f5b4a64acd62_68873715 { \n\ttext-align:left; \n\tmargin-top:0px; \n\tmargin-bottom:10px; \n} \n\n#cmsmasters_heading_69f5b4a64acd62_68873715 .cmsmasters_heading { \n\ttext-align:left; \n} \n\n#cmsmasters_heading_69f5b4a64acd62_68873715 .cmsmasters_heading, #cmsmasters_heading_69f5b4a64acd62_68873715 .cmsmasters_heading a { \n\tfont-family:'crimson text'; \n\tfont-size:26px; \n\tline-height:32px; \n\tfont-weight:400; \n\tfont-style:italic; \n\tcolor:#000000;\n} \n\n#cmsmasters_heading_69f5b4a64acd62_68873715 .cmsmasters_heading_divider { \n} \n\n \n\n#cmsmasters_fb_69f5b4a64ad692_88492292 { \n\tpadding-top:0px; \n\tpadding-bottom:0px; \n\tbackground-color:#777777;\n} \n\n#cmsmasters_fb_69f5b4a64ad692_88492292 .featured_block_inner { \n\twidth: 100%; \n\tpadding: 10% 20% 10% 20%; \n\ttext-align: left; \n\tmargin:0 auto; \n} \n\n#cmsmasters_fb_69f5b4a64ad692_88492292 .featured_block_text { \n\ttext-align: left; \n} \n\n \n#cmsmasters_heading_69f5b4a64aee99_12590005 { \n\ttext-align:left; \n\tmargin-top:0px; \n\tmargin-bottom:10px; \n} \n\n#cmsmasters_heading_69f5b4a64aee99_12590005 .cmsmasters_heading { \n\ttext-align:left; \n} \n\n#cmsmasters_heading_69f5b4a64aee99_12590005 .cmsmasters_heading, #cmsmasters_heading_69f5b4a64aee99_12590005 .cmsmasters_heading a { \n\tfont-family:'crimson text'; \n\tfont-size:26px; \n\tline-height:32px; \n\tfont-weight:400; \n\tfont-style:italic; \n\tcolor:#ffffff;\n} \n\n#cmsmasters_heading_69f5b4a64aee99_12590005 .cmsmasters_heading_divider { \n} \n\n \n#cmsmasters_row_69f5b4a64afec5_60296054 .cmsmasters_row_outer_parent { \n\tpadding-top: 0px; \n} \n\n#cmsmasters_row_69f5b4a64afec5_60296054 .cmsmasters_row_outer_parent { \n\tpadding-bottom: 50px; \n} \n\n \n#cmsmasters_row_69f5b4a64b0573_64599713 { \n\tbackground-color:#e1e1e1;\n} \n\n#cmsmasters_row_69f5b4a64b0573_64599713 .cmsmasters_row_outer_parent { \n\tpadding-top: 20px; \n} \n\n#cmsmasters_row_69f5b4a64b0573_64599713 .cmsmasters_row_outer_parent { \n\tpadding-bottom: 20px; \n} \n\n \n\n#cmsmasters_fb_69f5b4a64b15e0_25023191 { \n\tpadding-top:0px; \n\tpadding-bottom:0px; \n} \n\n#cmsmasters_fb_69f5b4a64b15e0_25023191 .featured_block_inner { \n\twidth: 100%; \n\tpadding: ; \n\ttext-align: left; \n\tmargin:0 auto; \n} \n\n#cmsmasters_fb_69f5b4a64b15e0_25023191 .featured_block_text { \n\ttext-align: left; \n} \n\n \n#cmsmasters_row_69f5b4a64b8231_52138447 { \n\tbackground-color:#e1e1e1;\n} \n\n#cmsmasters_row_69f5b4a64b8231_52138447 .cmsmasters_row_outer_parent { \n\tpadding-top: 20px; \n} \n\n#cmsmasters_row_69f5b4a64b8231_52138447 .cmsmasters_row_outer_parent { \n\tpadding-bottom: 20px; \n} \n\n\n#cmsmasters_button_69f5b4a64b9312_07321681 { \n\ttext-align:center; \n} \n\n#cmsmasters_button_69f5b4a64b9312_07321681 .cmsmasters_button:before { \n\tmargin-right:.5em; \n\tmargin-left:0; \n\tvertical-align:baseline; \n} \n\n#cmsmasters_button_69f5b4a64b9312_07321681 .cmsmasters_button { \n\tfont-size:25px; \n\tfont-weight:700; \n\tfont-style:normal; \n\tborder-width:3px; \n\tborder-style:solid; \n\tbackground-color:#f4f4f4;\n\tcolor:#000000;\n\tborder-color:#000000;\n} \n#cmsmasters_button_69f5b4a64b9312_07321681 .cmsmasters_button:hover { \n} \n \n#cmsmasters_row_69f5b4a64b9a59_57840816 .cmsmasters_row_outer_parent { \n\tpadding-top: 0px; \n} \n\n#cmsmasters_row_69f5b4a64b9a59_57840816 .cmsmasters_row_outer_parent { \n\tpadding-bottom: 50px; \n} \n\n<\/style><div id=\"cmsmasters_row_69f5b4a649b8f8_19915095\" class=\"cmsmasters_row cmsmasters_color_scheme_default cmsmasters_row_top_default cmsmasters_row_bot_default cmsmasters_row_boxed\">\n<div class=\"cmsmasters_row_outer_parent\">\n<div class=\"cmsmasters_row_outer\">\n<div class=\"cmsmasters_row_inner\">\n<div class=\"cmsmasters_row_margin\">\n<div class=\"cmsmasters_column one_fourth\">\n<\/div>\n<div class=\"cmsmasters_column one_half\">\n<\/div>\n<div class=\"cmsmasters_column one_fourth\">\n<\/div>\n<\/div>\n<\/div>\n<\/div>\n<\/div>\n<\/div>\n<div id=\"cmsmasters_row_69f5b4a64a1c10_23400355\" class=\"cmsmasters_row cmsmasters_color_scheme_default cmsmasters_row_top_default cmsmasters_row_bot_default cmsmasters_row_boxed\">\n<div class=\"cmsmasters_row_outer_parent\">\n<div class=\"cmsmasters_row_outer\">\n<div class=\"cmsmasters_row_inner\">\n<div class=\"cmsmasters_row_margin\">\n<div class=\"cmsmasters_column one_first\">\n\n<div id=\"cmsmasters_heading_69f5b4a64a4c55_66377158\" class=\"cmsmasters_heading_wrap cmsmasters_heading_align_center\">\n\t<h1 class=\"cmsmasters_heading\">Colabora con \u201cArnezon\u00eda\u201d<\/h1>\n<\/div><div id=\"cmsmasters_fb_69f5b4a64a54c0_39754128\" class=\"cmsmasters_featured_block\">\n<div class=\"featured_block_inner\">\n<div class=\"featured_block_text\">\n<p style=\"text-align: left;\">\n<div id=\"cmsmasters_heading_69f5b4a64a71f2_71445174\" class=\"cmsmasters_heading_wrap cmsmasters_heading_align_left\">\n\t<h3 class=\"cmsmasters_heading\">\u2192Puedes realizar una transferencia a los siguientes n\u00fameros de cuenta indicando tu nombre completo y NIF. <strong>Especifica en el concepto: \u201cArnezon\u00eda y el nombre del <\/strong><strong>misionero arnedano\u00bb<\/h3>\n<\/div><\/strong><\/p>\n<div style=\"text-align: left;\" data-canvas-width=\"247.08933333333334\">\n<div id=\"cmsmasters_heading_69f5b4a64a84a0_73914805\" class=\"cmsmasters_heading_wrap cmsmasters_heading_align_left\">\n\t<h3 class=\"cmsmasters_heading\">ES41 0049 4623 8021 9523 5701<\/h3>\n<\/div><\/div>\n<div style=\"text-align: left;\" data-canvas-width=\"247.08933333333334\">\n<div id=\"cmsmasters_heading_69f5b4a64a96e3_85509697\" class=\"cmsmasters_heading_wrap cmsmasters_heading_align_left\">\n\t<h3 class=\"cmsmasters_heading\">ES68 2100 4272 0213 0000 3822<\/h3>\n<\/div><\/div>\n<div style=\"text-align: left;\" data-canvas-width=\"247.08933333333334\">\n<div id=\"cmsmasters_heading_69f5b4a64aa8d6_13589018\" class=\"cmsmasters_heading_wrap cmsmasters_heading_align_left\">\n\t<h3 class=\"cmsmasters_heading\">ES79 2085 5754 0101 0131 0233<\/h3>\n<\/div><\/div>\n<\/div>\n<\/div>\n<\/div>\n<div id=\"cmsmasters_fb_69f5b4a64ab3c8_95490496\" class=\"cmsmasters_featured_block\">\n<div class=\"featured_block_inner\">\n<div class=\"featured_block_text\">\n<p style=\"text-align: left;\">\n<div id=\"cmsmasters_heading_69f5b4a64acd62_68873715\" class=\"cmsmasters_heading_wrap cmsmasters_heading_align_left\">\n\t<h3 class=\"cmsmasters_heading\">\u2192Tambi\u00e9n puedes hacerlo por medio de Bizum. Busca en ONGs \u00abC\u00e1ritas-Arnedo\u00bb C\u00f3digo 06069. <strong>Especifica en el concepto: \u201cArnezon\u00eda y\/o el nombre del <\/strong><strong>misionero arnedano<\/strong><\/h3>\n<\/div>\n<\/div>\n<\/div>\n<\/div>\n<div id=\"cmsmasters_fb_69f5b4a64ad692_88492292\" class=\"cmsmasters_featured_block\">\n<div class=\"featured_block_inner\">\n<div class=\"featured_block_text\">\n<p style=\"text-align: left;\">\n<div id=\"cmsmasters_heading_69f5b4a64aee99_12590005\" class=\"cmsmasters_heading_wrap cmsmasters_heading_align_left\">\n\t<h3 class=\"cmsmasters_heading\">Si tienes cualquier duda ll\u00e1manos al 941380880 o ponte en contacto con nosotros. Recuerda que si nos env\u00edas tu NIF y nombre completo podr\u00e1s desgravarte el donativo en tu pr\u00f3xima declaraci\u00f3n de la Renta.<\/p>\n<div style=\"text-align: left;\" data-canvas-width=\"244.2146666666667\"><strong>Muchas gracias por tu ayuda.<\/strong><\/h3>\n<\/div><\/div>\n<\/div>\n<\/div>\n<\/div>\n<\/div>\n<\/div>\n<\/div>\n<\/div>\n<\/div>\n<\/div>\n<div id=\"cmsmasters_row_69f5b4a64afec5_60296054\" class=\"cmsmasters_row cmsmasters_color_scheme_default cmsmasters_row_top_default cmsmasters_row_bot_default cmsmasters_row_boxed\">\n<div class=\"cmsmasters_row_outer_parent\">\n<div class=\"cmsmasters_row_outer\">\n<div class=\"cmsmasters_row_inner\">\n<div class=\"cmsmasters_row_margin\">\n<div class=\"cmsmasters_column one_first\">\n<\/div>\n<\/div>\n<\/div>\n<\/div>\n<\/div>\n<\/div>\n<div id=\"cmsmasters_row_69f5b4a64b0573_64599713\" class=\"cmsmasters_row cmsmasters_color_scheme_default cmsmasters_row_top_default cmsmasters_row_bot_default cmsmasters_row_boxed\">\n<div class=\"cmsmasters_row_outer_parent\">\n<div class=\"cmsmasters_row_outer\">\n<div class=\"cmsmasters_row_inner\">\n<div class=\"cmsmasters_row_margin\">\n<div class=\"cmsmasters_column one_first\">\n<div id=\"cmsmasters_fb_69f5b4a64b15e0_25023191\" class=\"cmsmasters_featured_block\">\n<div class=\"featured_block_inner\">\n<div class=\"featured_block_text\">\n<h2 style=\"text-align: center;\">Desgravaci\u00f3n en tu declaraci\u00f3n de la renta<\/h2>\n<\/div>\n<\/div>\n<\/div>\n<div class=\"aligncenter\">\n<div class=\"cmsmasters_img  cmsmasters_image_c\">\n<a href=\"https:\/\/www.parroquiadearnedo.org\/wp-content\/uploads\/2023\/08\/desgravacion-donativos.webp\"><img decoding=\"async\" src=\"https:\/\/www.parroquiadearnedo.org\/wp-content\/uploads\/2023\/08\/desgravacion-donativos.webp\" \/><\/a>\n<\/div>\n<\/div>\n<\/div>\n<div class=\"cmsmasters_column one_first\">\n<\/div>\n<\/div>\n<\/div>\n<\/div>\n<\/div>\n<\/div>\n<div id=\"cmsmasters_row_69f5b4a64b8231_52138447\" class=\"cmsmasters_row cmsmasters_color_scheme_default cmsmasters_row_top_default cmsmasters_row_bot_default cmsmasters_row_boxed\">\n<div class=\"cmsmasters_row_outer_parent\">\n<div class=\"cmsmasters_row_outer\">\n<div class=\"cmsmasters_row_inner\">\n<div class=\"cmsmasters_row_margin\">\n<div class=\"cmsmasters_column one_first\">\n\n<div id=\"cmsmasters_button_69f5b4a64b9312_07321681\" class=\"button_wrap\"><a href=\"https:\/\/www.parroquiadearnedo.org\/?page_id=18158\" class=\"cmsmasters_button\" target=\"_blank\"><span>\u00abArnezon\u00eda\u00bb<\/span><\/a><\/div>\n<\/div>\n<\/div>\n<\/div>\n<\/div>\n<\/div>\n<\/div>\n<div id=\"cmsmasters_row_69f5b4a64b9a59_57840816\" class=\"cmsmasters_row cmsmasters_color_scheme_default cmsmasters_row_top_default cmsmasters_row_bot_default cmsmasters_row_boxed\">\n<div class=\"cmsmasters_row_outer_parent\">\n<div class=\"cmsmasters_row_outer\">\n<div class=\"cmsmasters_row_inner\">\n<div class=\"cmsmasters_row_margin\">\n<div class=\"cmsmasters_column one_first\">\n<\/div>\n<\/div>\n<\/div>\n<\/div>\n<\/div>\n<\/div>\n\n","protected":false},"excerpt":{"rendered":"","protected":false},"author":3,"featured_media":0,"parent":19523,"menu_order":4,"comment_status":"closed","ping_status":"closed","template":"","meta":{"_uag_custom_page_level_css":"","footnotes":""},"class_list":["post-19510","page","type-page","status-publish","hentry"],"yoast_head":"<!-- This site is optimized with the Yoast SEO plugin v27.2 - https:\/\/yoast.com\/product\/yoast-seo-wordpress\/ -->\n<title>Colabora con \u201cArnezon\u00eda\u201d - Parroquia de Arnedo<\/title>\n<meta name=\"robots\" content=\"index, follow, max-snippet:-1, max-image-preview:large, max-video-preview:-1\" \/>\n<link rel=\"canonical\" href=\"https:\/\/www.parroquiadearnedo.org\/?page_id=19510\" \/>\n<meta property=\"og:locale\" content=\"es_ES\" \/>\n<meta property=\"og:type\" content=\"article\" \/>\n<meta property=\"og:title\" content=\"Colabora con \u201cArnezon\u00eda\u201d - Parroquia de Arnedo\" \/>\n<meta property=\"og:url\" content=\"https:\/\/www.parroquiadearnedo.org\/?page_id=19510\" \/>\n<meta property=\"og:site_name\" content=\"Parroquia de Arnedo\" \/>\n<meta property=\"article:publisher\" content=\"https:\/\/www.facebook.com\/parroquiadearnedo\" \/>\n<meta property=\"article:modified_time\" content=\"2023-09-29T17:39:45+00:00\" \/>\n<meta name=\"twitter:card\" content=\"summary_large_image\" \/>\n<meta name=\"twitter:label1\" content=\"Tiempo de lectura\" \/>\n\t<meta name=\"twitter:data1\" content=\"4 minutos\" \/>\n<script type=\"application\/ld+json\" class=\"yoast-schema-graph\">{\"@context\":\"https:\/\/schema.org\",\"@graph\":[{\"@type\":\"WebPage\",\"@id\":\"https:\/\/www.parroquiadearnedo.org\/?page_id=19510\",\"url\":\"https:\/\/www.parroquiadearnedo.org\/?page_id=19510\",\"name\":\"Colabora con \u201cArnezon\u00eda\u201d - Parroquia de Arnedo\",\"isPartOf\":{\"@id\":\"https:\/\/www.parroquiadearnedo.org\/#website\"},\"datePublished\":\"2023-08-16T18:45:31+00:00\",\"dateModified\":\"2023-09-29T17:39:45+00:00\",\"breadcrumb\":{\"@id\":\"https:\/\/www.parroquiadearnedo.org\/?page_id=19510#breadcrumb\"},\"inLanguage\":\"es\",\"potentialAction\":[{\"@type\":\"ReadAction\",\"target\":[\"https:\/\/www.parroquiadearnedo.org\/?page_id=19510\"]}]},{\"@type\":\"BreadcrumbList\",\"@id\":\"https:\/\/www.parroquiadearnedo.org\/?page_id=19510#breadcrumb\",\"itemListElement\":[{\"@type\":\"ListItem\",\"position\":1,\"name\":\"Portada\",\"item\":\"https:\/\/www.parroquiadearnedo.org\/\"},{\"@type\":\"ListItem\",\"position\":2,\"name\":\"Colabora\",\"item\":\"https:\/\/www.parroquiadearnedo.org\/?page_id=19523\"},{\"@type\":\"ListItem\",\"position\":3,\"name\":\"Colabora con \u201cArnezon\u00eda\u201d\"}]},{\"@type\":\"WebSite\",\"@id\":\"https:\/\/www.parroquiadearnedo.org\/#website\",\"url\":\"https:\/\/www.parroquiadearnedo.org\/\",\"name\":\"Parroquia de Arnedo\",\"description\":\"Portada\",\"publisher\":{\"@id\":\"https:\/\/www.parroquiadearnedo.org\/#organization\"},\"potentialAction\":[{\"@type\":\"SearchAction\",\"target\":{\"@type\":\"EntryPoint\",\"urlTemplate\":\"https:\/\/www.parroquiadearnedo.org\/?s={search_term_string}\"},\"query-input\":{\"@type\":\"PropertyValueSpecification\",\"valueRequired\":true,\"valueName\":\"search_term_string\"}}],\"inLanguage\":\"es\"},{\"@type\":\"Organization\",\"@id\":\"https:\/\/www.parroquiadearnedo.org\/#organization\",\"name\":\"Parroquia de Arnedo\",\"url\":\"https:\/\/www.parroquiadearnedo.org\/\",\"logo\":{\"@type\":\"ImageObject\",\"inLanguage\":\"es\",\"@id\":\"https:\/\/www.parroquiadearnedo.org\/#\/schema\/logo\/image\/\",\"url\":\"https:\/\/i0.wp.com\/www.parroquiadearnedo.org\/wp-content\/uploads\/2025\/10\/android-icon-48x48-1.png?fit=48%2C48&ssl=1\",\"contentUrl\":\"https:\/\/i0.wp.com\/www.parroquiadearnedo.org\/wp-content\/uploads\/2025\/10\/android-icon-48x48-1.png?fit=48%2C48&ssl=1\",\"width\":48,\"height\":48,\"caption\":\"Parroquia de Arnedo\"},\"image\":{\"@id\":\"https:\/\/www.parroquiadearnedo.org\/#\/schema\/logo\/image\/\"},\"sameAs\":[\"https:\/\/www.facebook.com\/parroquiadearnedo\"]}]}<\/script>\n<!-- \/ Yoast SEO plugin. -->","yoast_head_json":{"title":"Colabora con \u201cArnezon\u00eda\u201d - Parroquia de Arnedo","robots":{"index":"index","follow":"follow","max-snippet":"max-snippet:-1","max-image-preview":"max-image-preview:large","max-video-preview":"max-video-preview:-1"},"canonical":"https:\/\/www.parroquiadearnedo.org\/?page_id=19510","og_locale":"es_ES","og_type":"article","og_title":"Colabora con \u201cArnezon\u00eda\u201d - Parroquia de Arnedo","og_url":"https:\/\/www.parroquiadearnedo.org\/?page_id=19510","og_site_name":"Parroquia de Arnedo","article_publisher":"https:\/\/www.facebook.com\/parroquiadearnedo","article_modified_time":"2023-09-29T17:39:45+00:00","twitter_card":"summary_large_image","twitter_misc":{"Tiempo de lectura":"4 minutos"},"schema":{"@context":"https:\/\/schema.org","@graph":[{"@type":"WebPage","@id":"https:\/\/www.parroquiadearnedo.org\/?page_id=19510","url":"https:\/\/www.parroquiadearnedo.org\/?page_id=19510","name":"Colabora con \u201cArnezon\u00eda\u201d - Parroquia de Arnedo","isPartOf":{"@id":"https:\/\/www.parroquiadearnedo.org\/#website"},"datePublished":"2023-08-16T18:45:31+00:00","dateModified":"2023-09-29T17:39:45+00:00","breadcrumb":{"@id":"https:\/\/www.parroquiadearnedo.org\/?page_id=19510#breadcrumb"},"inLanguage":"es","potentialAction":[{"@type":"ReadAction","target":["https:\/\/www.parroquiadearnedo.org\/?page_id=19510"]}]},{"@type":"BreadcrumbList","@id":"https:\/\/www.parroquiadearnedo.org\/?page_id=19510#breadcrumb","itemListElement":[{"@type":"ListItem","position":1,"name":"Portada","item":"https:\/\/www.parroquiadearnedo.org\/"},{"@type":"ListItem","position":2,"name":"Colabora","item":"https:\/\/www.parroquiadearnedo.org\/?page_id=19523"},{"@type":"ListItem","position":3,"name":"Colabora con \u201cArnezon\u00eda\u201d"}]},{"@type":"WebSite","@id":"https:\/\/www.parroquiadearnedo.org\/#website","url":"https:\/\/www.parroquiadearnedo.org\/","name":"Parroquia de Arnedo","description":"Portada","publisher":{"@id":"https:\/\/www.parroquiadearnedo.org\/#organization"},"potentialAction":[{"@type":"SearchAction","target":{"@type":"EntryPoint","urlTemplate":"https:\/\/www.parroquiadearnedo.org\/?s={search_term_string}"},"query-input":{"@type":"PropertyValueSpecification","valueRequired":true,"valueName":"search_term_string"}}],"inLanguage":"es"},{"@type":"Organization","@id":"https:\/\/www.parroquiadearnedo.org\/#organization","name":"Parroquia de Arnedo","url":"https:\/\/www.parroquiadearnedo.org\/","logo":{"@type":"ImageObject","inLanguage":"es","@id":"https:\/\/www.parroquiadearnedo.org\/#\/schema\/logo\/image\/","url":"https:\/\/i0.wp.com\/www.parroquiadearnedo.org\/wp-content\/uploads\/2025\/10\/android-icon-48x48-1.png?fit=48%2C48&ssl=1","contentUrl":"https:\/\/i0.wp.com\/www.parroquiadearnedo.org\/wp-content\/uploads\/2025\/10\/android-icon-48x48-1.png?fit=48%2C48&ssl=1","width":48,"height":48,"caption":"Parroquia de Arnedo"},"image":{"@id":"https:\/\/www.parroquiadearnedo.org\/#\/schema\/logo\/image\/"},"sameAs":["https:\/\/www.facebook.com\/parroquiadearnedo"]}]}},"uagb_featured_image_src":{"full":false,"thumbnail":false,"medium":false,"medium_large":false,"large":false,"event-post-thumb":false,"event-post-thumb-box":false,"1536x1536":false,"2048x2048":false,"post-thumbnail":false,"cmsmasters-small-thumb":false,"cmsmasters-square-thumb":false,"cmsmasters-blog-masonry-thumb":false,"cmsmasters-project-grid-thumb":false,"cmsmasters-project-thumb":false,"cmsmasters-project-masonry-thumb":false,"cmsmasters-masonry-thumb":false,"cmsmasters-full-thumb":false,"cmsmasters-project-full-thumb":false,"cmsmasters-full-masonry-thumb":false,"cmsmasters-event-thumb":false,"mailpoet_newsletter_max":false},"uagb_author_info":{"display_name":"","author_link":"https:\/\/www.parroquiadearnedo.org\/?author=3"},"uagb_comment_info":0,"uagb_excerpt":null,"_links":{"self":[{"href":"https:\/\/www.parroquiadearnedo.org\/index.php?rest_route=\/wp\/v2\/pages\/19510","targetHints":{"allow":["GET"]}}],"collection":[{"href":"https:\/\/www.parroquiadearnedo.org\/index.php?rest_route=\/wp\/v2\/pages"}],"about":[{"href":"https:\/\/www.parroquiadearnedo.org\/index.php?rest_route=\/wp\/v2\/types\/page"}],"author":[{"embeddable":true,"href":"https:\/\/www.parroquiadearnedo.org\/index.php?rest_route=\/wp\/v2\/users\/3"}],"replies":[{"embeddable":true,"href":"https:\/\/www.parroquiadearnedo.org\/index.php?rest_route=%2Fwp%2Fv2%2Fcomments&post=19510"}],"version-history":[{"count":14,"href":"https:\/\/www.parroquiadearnedo.org\/index.php?rest_route=\/wp\/v2\/pages\/19510\/revisions"}],"predecessor-version":[{"id":20945,"href":"https:\/\/www.parroquiadearnedo.org\/index.php?rest_route=\/wp\/v2\/pages\/19510\/revisions\/20945"}],"up":[{"embeddable":true,"href":"https:\/\/www.parroquiadearnedo.org\/index.php?rest_route=\/wp\/v2\/pages\/19523"}],"wp:attachment":[{"href":"https:\/\/www.parroquiadearnedo.org\/index.php?rest_route=%2Fwp%2Fv2%2Fmedia&parent=19510"}],"curies":[{"name":"wp","href":"https:\/\/api.w.org\/{rel}","templated":true}]}}