{"id":19306,"date":"2023-08-15T10:05:10","date_gmt":"2023-08-15T08:05:10","guid":{"rendered":"https:\/\/www.parroquiadearnedo.org\/?page_id=19306"},"modified":"2023-08-17T18:48:02","modified_gmt":"2023-08-17T16:48:02","slug":"ermita-vico","status":"publish","type":"page","link":"https:\/\/www.parroquiadearnedo.org\/?page_id=19306","title":{"rendered":"Ermita de la Virgen de Vico"},"content":{"rendered":"<style type=\"text\/css\"> \n#cmsmasters_row_6a079e61d6e510_33549674 { \n\tbackground-image: url(https:\/\/www.parroquiadearnedo.org\/wp-content\/uploads\/2023\/07\/depositphotos_461305772-stock-photo-pastel-minimal-polygonal-background-e1690676481395.jpg); \n\tbackground-position: center center; \n\tbackground-repeat: no-repeat; \n\tbackground-attachment: fixed; \n\tbackground-size: cover; \n} \n\n#cmsmasters_row_6a079e61d6e510_33549674 .cmsmasters_row_outer_parent { \n\tpadding-top: 150px; \n} \n\n#cmsmasters_row_6a079e61d6e510_33549674 .cmsmasters_row_outer_parent { \n\tpadding-bottom: 120px; \n} \n\n \n#cmsmasters_heading_6a079e61d82fd2_88494180 { \n\ttext-align:center; \n\tmargin-top:0px; \n\tmargin-bottom:50px; \n} \n\n#cmsmasters_heading_6a079e61d82fd2_88494180 .cmsmasters_heading { \n\ttext-align:center; \n} \n\n#cmsmasters_heading_6a079e61d82fd2_88494180 .cmsmasters_heading, #cmsmasters_heading_6a079e61d82fd2_88494180 .cmsmasters_heading a { \n\tfont-family:'Montserrat'; \n\tfont-size:52px; \n\tline-height:62px; \n\tfont-weight:700; \n\tfont-style:normal; \n\tcolor:#ffffff;\n} \n\n#cmsmasters_heading_6a079e61d82fd2_88494180 .cmsmasters_heading_divider { \n} \n\n \n#cmsmasters_row_6a079e61d83a08_50215557 .cmsmasters_row_outer_parent { \n\tpadding-top: 0px; \n} \n\n#cmsmasters_row_6a079e61d83a08_50215557 .cmsmasters_row_outer_parent { \n\tpadding-bottom: 50px; \n} \n\n \n#cmsmasters_row_6a079e61d841e4_17273417 { \n\tbackground-color:#1461fc;\n} \n\n#cmsmasters_row_6a079e61d841e4_17273417 .cmsmasters_row_outer_parent { \n\tpadding-top: 0px; \n} \n\n#cmsmasters_row_6a079e61d841e4_17273417 .cmsmasters_row_outer_parent { \n\tpadding-bottom: 0px; \n} \n\n#cmsmasters_row_6a079e61d841e4_17273417 .cmsmasters_row_inner.cmsmasters_row_fullwidth { \n\tpadding-left:0%; \n} \n#cmsmasters_row_6a079e61d841e4_17273417 .cmsmasters_row_inner.cmsmasters_row_fullwidth { \n\tpadding-right:0%; \n} \n \n\n#cmsmasters_fb_6a079e61d85478_73315684 { \n\tpadding-top:10px; \n\tpadding-bottom:10px; \n\tbackground-color:#1461fc;\n} \n\n#cmsmasters_fb_6a079e61d85478_73315684 .featured_block_inner { \n\twidth: 100%; \n\tpadding: 10% 20% 10% 20%; \n\ttext-align: left; \n\tmargin:0 auto; \n} \n\n#cmsmasters_fb_6a079e61d85478_73315684 .featured_block_text { \n\ttext-align: left; \n} \n\n \n#cmsmasters_heading_6a079e61d87071_43127894 { \n\ttext-align:left; \n\tmargin-top:0px; \n\tmargin-bottom:10px; \n} \n\n#cmsmasters_heading_6a079e61d87071_43127894 .cmsmasters_heading { \n\ttext-align:left; \n} \n\n#cmsmasters_heading_6a079e61d87071_43127894 .cmsmasters_heading, #cmsmasters_heading_6a079e61d87071_43127894 .cmsmasters_heading a { \n\tfont-family:'Montserrat'; \n\tfont-size:30px; \n\tline-height:32px; \n\tfont-weight:700; \n\tfont-style:normal; \n\tcolor:#ffffff;\n} \n\n#cmsmasters_heading_6a079e61d87071_43127894 .cmsmasters_heading_divider { \n} \n\n \n#cmsmasters_heading_6a079e61d88191_03588505 { \n\ttext-align:left; \n\tmargin-top:0px; \n\tmargin-bottom:0px; \n} \n\n#cmsmasters_heading_6a079e61d88191_03588505 .cmsmasters_heading { \n\ttext-align:left; \n} \n\n#cmsmasters_heading_6a079e61d88191_03588505 .cmsmasters_heading, #cmsmasters_heading_6a079e61d88191_03588505 .cmsmasters_heading a { \n\tfont-family:'crimson text'; \n\tfont-size:22px; \n\tline-height:32px; \n\tfont-weight:400; \n\tfont-style:italic; \n\tcolor:#ffffff;\n} \n\n#cmsmasters_heading_6a079e61d88191_03588505 .cmsmasters_heading_divider { \n} \n\n \n#cmsmasters_row_6a079e61d9b1a8_81997218 .cmsmasters_row_outer_parent { \n\tpadding-top: 0px; \n} \n\n#cmsmasters_row_6a079e61d9b1a8_81997218 .cmsmasters_row_outer_parent { \n\tpadding-bottom: 50px; \n} \n\n \n#cmsmasters_row_6a079e61d9b8f3_52346765 .cmsmasters_row_outer_parent { \n\tpadding-top: 0px; \n} \n\n#cmsmasters_row_6a079e61d9b8f3_52346765 .cmsmasters_row_outer_parent { \n\tpadding-bottom: 0px; \n} \n\n#cmsmasters_row_6a079e61d9b8f3_52346765 .cmsmasters_row_inner.cmsmasters_row_fullwidth { \n\tpadding-left:0%; \n} \n#cmsmasters_row_6a079e61d9b8f3_52346765 .cmsmasters_row_inner.cmsmasters_row_fullwidth { \n\tpadding-right:0%; \n} \n \n\n#cmsmasters_fb_6a079e61d9cf28_35499768 { \n\tpadding-top:10px; \n\tpadding-bottom:10px; \n\tbackground-color:#3a14fc;\n} \n\n#cmsmasters_fb_6a079e61d9cf28_35499768 .featured_block_inner { \n\twidth: 100%; \n\tpadding: 10% 20% 10% 20%; \n\ttext-align: left; \n\tmargin:0 auto; \n} \n\n#cmsmasters_fb_6a079e61d9cf28_35499768 .featured_block_text { \n\ttext-align: left; \n} \n\n \n#cmsmasters_heading_6a079e61d9ea82_11082349 { \n\ttext-align:left; \n\tmargin-top:0px; \n\tmargin-bottom:0px; \n} \n\n#cmsmasters_heading_6a079e61d9ea82_11082349 .cmsmasters_heading { \n\ttext-align:left; \n} \n\n#cmsmasters_heading_6a079e61d9ea82_11082349 .cmsmasters_heading, #cmsmasters_heading_6a079e61d9ea82_11082349 .cmsmasters_heading a { \n\tfont-family:'crimson text'; \n\tfont-size:22px; \n\tline-height:32px; \n\tfont-weight:400; \n\tfont-style:italic; \n\tcolor:#ffffff;\n} \n\n#cmsmasters_heading_6a079e61d9ea82_11082349 .cmsmasters_heading_divider { \n} \n\n \n#cmsmasters_row_6a079e61d9f5e8_86389340 .cmsmasters_row_outer_parent { \n\tpadding-top: 0px; \n} \n\n#cmsmasters_row_6a079e61d9f5e8_86389340 .cmsmasters_row_outer_parent { \n\tpadding-bottom: 50px; \n} \n\n<\/style><div id=\"cmsmasters_row_6a079e61d6e510_33549674\" class=\"cmsmasters_row cmsmasters_color_scheme_default cmsmasters_row_top_default cmsmasters_row_bot_default cmsmasters_row_boxed\">\n<div class=\"cmsmasters_row_outer_parent\">\n<div class=\"cmsmasters_row_outer\">\n<div class=\"cmsmasters_row_inner\">\n<div class=\"cmsmasters_row_margin\">\n<div class=\"cmsmasters_column one_fourth\">\n<\/div>\n<div class=\"cmsmasters_column one_half\">\n\n<div id=\"cmsmasters_heading_6a079e61d82fd2_88494180\" class=\"cmsmasters_heading_wrap cmsmasters_heading_align_center\">\n\t<h1 class=\"cmsmasters_heading\">Ermita de la Virgen de Vico<\/h1>\n<\/div>\n<\/div>\n<div class=\"cmsmasters_column one_fourth\">\n<\/div>\n<\/div>\n<\/div>\n<\/div>\n<\/div>\n<\/div>\n<div id=\"cmsmasters_row_6a079e61d83a08_50215557\" class=\"cmsmasters_row cmsmasters_color_scheme_default cmsmasters_row_top_default cmsmasters_row_bot_default cmsmasters_row_boxed\">\n<div class=\"cmsmasters_row_outer_parent\">\n<div class=\"cmsmasters_row_outer\">\n<div class=\"cmsmasters_row_inner\">\n<div class=\"cmsmasters_row_margin\">\n<div class=\"cmsmasters_column one_first\">\n<\/div>\n<\/div>\n<\/div>\n<\/div>\n<\/div>\n<\/div>\n<div id=\"cmsmasters_row_6a079e61d841e4_17273417\" class=\"cmsmasters_row cmsmasters_color_scheme_default cmsmasters_row_top_default cmsmasters_row_bot_default cmsmasters_row_fullwidth\">\n<div class=\"cmsmasters_row_outer_parent\">\n<div class=\"cmsmasters_row_outer\">\n<div class=\"cmsmasters_row_inner cmsmasters_row_fullwidth cmsmasters_row_no_margin\">\n<div class=\"cmsmasters_row_margin cmsmasters_row_columns_behavior\">\n<div class=\"cmsmasters_column one_first\">\n<div id=\"cmsmasters_fb_6a079e61d85478_73315684\" class=\"cmsmasters_featured_block\">\n<div class=\"featured_block_inner\">\n<div class=\"featured_block_text\">\n<p style=\"text-align: left;\">\n<div id=\"cmsmasters_heading_6a079e61d87071_43127894\" class=\"cmsmasters_heading_wrap cmsmasters_heading_align_left\">\n\t<h3 class=\"cmsmasters_heading\">Ubicaci\u00f3n<\/h3>\n<\/div>\n<div id=\"cmsmasters_heading_6a079e61d88191_03588505\" class=\"cmsmasters_heading_wrap cmsmasters_heading_align_left\">\n\t<h3 class=\"cmsmasters_heading\">La peque\u00f1a ermita de la Virgen de Vico est\u00e1 ubicada en las escaleras de subida al monasterio desde el puente del r\u00edo Cidacos, un magn\u00edfico enclave para reposar, para disfrutar del paisaje y para hacer una oraci\u00f3n.<\/h3>\n<\/div>\n<\/div>\n<\/div>\n<\/div>\n<div class=\"aligncenter\">\n<div class=\"cmsmasters_img  cmsmasters_image_c\">\n<a href=\"https:\/\/www.parroquiadearnedo.org\/wp-content\/uploads\/2023\/08\/Ermita-de-Vico.jpg\"><img decoding=\"async\" src=\"https:\/\/www.parroquiadearnedo.org\/wp-content\/uploads\/2023\/08\/Ermita-de-Vico.jpg\" \/><\/a>\n<\/div>\n<\/div>\n<\/div>\n<\/div>\n<\/div>\n<\/div>\n<\/div>\n<\/div>\n<div id=\"cmsmasters_row_6a079e61d9b1a8_81997218\" class=\"cmsmasters_row cmsmasters_color_scheme_default cmsmasters_row_top_default cmsmasters_row_bot_default cmsmasters_row_boxed\">\n<div class=\"cmsmasters_row_outer_parent\">\n<div class=\"cmsmasters_row_outer\">\n<div class=\"cmsmasters_row_inner\">\n<div class=\"cmsmasters_row_margin\">\n<div class=\"cmsmasters_column one_first\">\n<\/div>\n<\/div>\n<\/div>\n<\/div>\n<\/div>\n<\/div>\n<div id=\"cmsmasters_row_6a079e61d9b8f3_52346765\" class=\"cmsmasters_row cmsmasters_color_scheme_default cmsmasters_row_top_default cmsmasters_row_bot_default cmsmasters_row_fullwidth\">\n<div class=\"cmsmasters_row_outer_parent\">\n<div class=\"cmsmasters_row_outer\">\n<div class=\"cmsmasters_row_inner cmsmasters_row_fullwidth cmsmasters_row_no_margin\">\n<div class=\"cmsmasters_row_margin cmsmasters_row_columns_behavior\">\n<div class=\"cmsmasters_column one_first\">\n<div id=\"cmsmasters_fb_6a079e61d9cf28_35499768\" class=\"cmsmasters_featured_block\">\n<div class=\"featured_block_inner\">\n<div class=\"featured_block_text\">\n<p style=\"text-align: left;\">\n<div id=\"cmsmasters_heading_6a079e61d9ea82_11082349\" class=\"cmsmasters_heading_wrap cmsmasters_heading_align_left\">\n\t<h3 class=\"cmsmasters_heading\">En sus muros exteriores se pueden leer 2 placas conmemorativas colocadas el d\u00eda de su inauguraci\u00f3n el 20 de diciembre de 2003.<\/p>\n<p style=\"text-align: left;\">Una, junto a la puerta: \u201cErmita de Ntra. Sra. de Vico, financiada por suscripci\u00f3n popular. Arnedo, 20-12-2003\u201d.<\/p>\n<p style=\"text-align: left;\">Y la otra en la parte posterior de la ermita: \u201cEn agradecimiento a Vidal Royo por el dise\u00f1o y la construcci\u00f3n de esta ermita y a todas personas que desinteresadamente han colaborado.(Diciembre 2003).<\/p>\n<div data-canvas-width=\"102.05066666666667\"><\/div>\n<div data-canvas-width=\"102.05066666666667\">En el interior se puede contemplar un fresco realizado por el pintor georgiano Zaza Papidze<\/div>\n<div data-canvas-width=\"466.06266666666676\">que plasma la bella leyenda de la aparici\u00f3n de la Virgen al Kan de Vico.<\/h3>\n<\/div><\/div>\n<\/div>\n<\/div>\n<\/div>\n<\/div>\n<\/div>\n<\/div>\n<\/div>\n<\/div>\n<\/div>\n<div id=\"cmsmasters_row_6a079e61d9f5e8_86389340\" class=\"cmsmasters_row cmsmasters_color_scheme_default cmsmasters_row_top_default cmsmasters_row_bot_default cmsmasters_row_boxed\">\n<div class=\"cmsmasters_row_outer_parent\">\n<div class=\"cmsmasters_row_outer\">\n<div class=\"cmsmasters_row_inner\">\n<div class=\"cmsmasters_row_margin\">\n<div class=\"cmsmasters_column one_first\">\n<\/div>\n<\/div>\n<\/div>\n<\/div>\n<\/div>\n<\/div>\n\n","protected":false},"excerpt":{"rendered":"","protected":false},"author":3,"featured_media":0,"parent":3282,"menu_order":8,"comment_status":"closed","ping_status":"closed","template":"","meta":{"_uag_custom_page_level_css":"","footnotes":""},"class_list":["post-19306","page","type-page","status-publish","hentry"],"yoast_head":"<!-- This site is optimized with the Yoast SEO plugin v27.2 - https:\/\/yoast.com\/product\/yoast-seo-wordpress\/ -->\n<title>Ermita de la Virgen de Vico - Parroquia de Arnedo<\/title>\n<meta name=\"robots\" content=\"index, follow, max-snippet:-1, max-image-preview:large, max-video-preview:-1\" \/>\n<link rel=\"canonical\" href=\"https:\/\/www.parroquiadearnedo.org\/?page_id=19306\" \/>\n<meta property=\"og:locale\" content=\"es_ES\" \/>\n<meta property=\"og:type\" content=\"article\" \/>\n<meta property=\"og:title\" content=\"Ermita de la Virgen de Vico - Parroquia de Arnedo\" \/>\n<meta property=\"og:url\" content=\"https:\/\/www.parroquiadearnedo.org\/?page_id=19306\" \/>\n<meta property=\"og:site_name\" content=\"Parroquia de Arnedo\" \/>\n<meta property=\"article:publisher\" content=\"https:\/\/www.facebook.com\/parroquiadearnedo\" \/>\n<meta property=\"article:modified_time\" content=\"2023-08-17T16:48:02+00:00\" \/>\n<meta name=\"twitter:card\" content=\"summary_large_image\" \/>\n<meta name=\"twitter:label1\" content=\"Tiempo de lectura\" \/>\n\t<meta name=\"twitter:data1\" content=\"3 minutos\" \/>\n<script type=\"application\/ld+json\" class=\"yoast-schema-graph\">{\"@context\":\"https:\/\/schema.org\",\"@graph\":[{\"@type\":\"WebPage\",\"@id\":\"https:\/\/www.parroquiadearnedo.org\/?page_id=19306\",\"url\":\"https:\/\/www.parroquiadearnedo.org\/?page_id=19306\",\"name\":\"Ermita de la Virgen de Vico - Parroquia de Arnedo\",\"isPartOf\":{\"@id\":\"https:\/\/www.parroquiadearnedo.org\/#website\"},\"datePublished\":\"2023-08-15T08:05:10+00:00\",\"dateModified\":\"2023-08-17T16:48:02+00:00\",\"breadcrumb\":{\"@id\":\"https:\/\/www.parroquiadearnedo.org\/?page_id=19306#breadcrumb\"},\"inLanguage\":\"es\",\"potentialAction\":[{\"@type\":\"ReadAction\",\"target\":[\"https:\/\/www.parroquiadearnedo.org\/?page_id=19306\"]}]},{\"@type\":\"BreadcrumbList\",\"@id\":\"https:\/\/www.parroquiadearnedo.org\/?page_id=19306#breadcrumb\",\"itemListElement\":[{\"@type\":\"ListItem\",\"position\":1,\"name\":\"Portada\",\"item\":\"https:\/\/www.parroquiadearnedo.org\/\"},{\"@type\":\"ListItem\",\"position\":2,\"name\":\"Our Leadership\",\"item\":\"https:\/\/www.parroquiadearnedo.org\/?page_id=3282\"},{\"@type\":\"ListItem\",\"position\":3,\"name\":\"Ermita de la Virgen de Vico\"}]},{\"@type\":\"WebSite\",\"@id\":\"https:\/\/www.parroquiadearnedo.org\/#website\",\"url\":\"https:\/\/www.parroquiadearnedo.org\/\",\"name\":\"Parroquia de Arnedo\",\"description\":\"Portada\",\"publisher\":{\"@id\":\"https:\/\/www.parroquiadearnedo.org\/#organization\"},\"potentialAction\":[{\"@type\":\"SearchAction\",\"target\":{\"@type\":\"EntryPoint\",\"urlTemplate\":\"https:\/\/www.parroquiadearnedo.org\/?s={search_term_string}\"},\"query-input\":{\"@type\":\"PropertyValueSpecification\",\"valueRequired\":true,\"valueName\":\"search_term_string\"}}],\"inLanguage\":\"es\"},{\"@type\":\"Organization\",\"@id\":\"https:\/\/www.parroquiadearnedo.org\/#organization\",\"name\":\"Parroquia de Arnedo\",\"url\":\"https:\/\/www.parroquiadearnedo.org\/\",\"logo\":{\"@type\":\"ImageObject\",\"inLanguage\":\"es\",\"@id\":\"https:\/\/www.parroquiadearnedo.org\/#\/schema\/logo\/image\/\",\"url\":\"https:\/\/i0.wp.com\/www.parroquiadearnedo.org\/wp-content\/uploads\/2025\/10\/android-icon-48x48-1.png?fit=48%2C48&ssl=1\",\"contentUrl\":\"https:\/\/i0.wp.com\/www.parroquiadearnedo.org\/wp-content\/uploads\/2025\/10\/android-icon-48x48-1.png?fit=48%2C48&ssl=1\",\"width\":48,\"height\":48,\"caption\":\"Parroquia de Arnedo\"},\"image\":{\"@id\":\"https:\/\/www.parroquiadearnedo.org\/#\/schema\/logo\/image\/\"},\"sameAs\":[\"https:\/\/www.facebook.com\/parroquiadearnedo\"]}]}<\/script>\n<!-- \/ Yoast SEO plugin. -->","yoast_head_json":{"title":"Ermita de la Virgen de Vico - Parroquia de Arnedo","robots":{"index":"index","follow":"follow","max-snippet":"max-snippet:-1","max-image-preview":"max-image-preview:large","max-video-preview":"max-video-preview:-1"},"canonical":"https:\/\/www.parroquiadearnedo.org\/?page_id=19306","og_locale":"es_ES","og_type":"article","og_title":"Ermita de la Virgen de Vico - Parroquia de Arnedo","og_url":"https:\/\/www.parroquiadearnedo.org\/?page_id=19306","og_site_name":"Parroquia de Arnedo","article_publisher":"https:\/\/www.facebook.com\/parroquiadearnedo","article_modified_time":"2023-08-17T16:48:02+00:00","twitter_card":"summary_large_image","twitter_misc":{"Tiempo de lectura":"3 minutos"},"schema":{"@context":"https:\/\/schema.org","@graph":[{"@type":"WebPage","@id":"https:\/\/www.parroquiadearnedo.org\/?page_id=19306","url":"https:\/\/www.parroquiadearnedo.org\/?page_id=19306","name":"Ermita de la Virgen de Vico - Parroquia de Arnedo","isPartOf":{"@id":"https:\/\/www.parroquiadearnedo.org\/#website"},"datePublished":"2023-08-15T08:05:10+00:00","dateModified":"2023-08-17T16:48:02+00:00","breadcrumb":{"@id":"https:\/\/www.parroquiadearnedo.org\/?page_id=19306#breadcrumb"},"inLanguage":"es","potentialAction":[{"@type":"ReadAction","target":["https:\/\/www.parroquiadearnedo.org\/?page_id=19306"]}]},{"@type":"BreadcrumbList","@id":"https:\/\/www.parroquiadearnedo.org\/?page_id=19306#breadcrumb","itemListElement":[{"@type":"ListItem","position":1,"name":"Portada","item":"https:\/\/www.parroquiadearnedo.org\/"},{"@type":"ListItem","position":2,"name":"Our Leadership","item":"https:\/\/www.parroquiadearnedo.org\/?page_id=3282"},{"@type":"ListItem","position":3,"name":"Ermita de la Virgen de Vico"}]},{"@type":"WebSite","@id":"https:\/\/www.parroquiadearnedo.org\/#website","url":"https:\/\/www.parroquiadearnedo.org\/","name":"Parroquia de Arnedo","description":"Portada","publisher":{"@id":"https:\/\/www.parroquiadearnedo.org\/#organization"},"potentialAction":[{"@type":"SearchAction","target":{"@type":"EntryPoint","urlTemplate":"https:\/\/www.parroquiadearnedo.org\/?s={search_term_string}"},"query-input":{"@type":"PropertyValueSpecification","valueRequired":true,"valueName":"search_term_string"}}],"inLanguage":"es"},{"@type":"Organization","@id":"https:\/\/www.parroquiadearnedo.org\/#organization","name":"Parroquia de Arnedo","url":"https:\/\/www.parroquiadearnedo.org\/","logo":{"@type":"ImageObject","inLanguage":"es","@id":"https:\/\/www.parroquiadearnedo.org\/#\/schema\/logo\/image\/","url":"https:\/\/i0.wp.com\/www.parroquiadearnedo.org\/wp-content\/uploads\/2025\/10\/android-icon-48x48-1.png?fit=48%2C48&ssl=1","contentUrl":"https:\/\/i0.wp.com\/www.parroquiadearnedo.org\/wp-content\/uploads\/2025\/10\/android-icon-48x48-1.png?fit=48%2C48&ssl=1","width":48,"height":48,"caption":"Parroquia de Arnedo"},"image":{"@id":"https:\/\/www.parroquiadearnedo.org\/#\/schema\/logo\/image\/"},"sameAs":["https:\/\/www.facebook.com\/parroquiadearnedo"]}]}},"uagb_featured_image_src":{"full":false,"thumbnail":false,"medium":false,"medium_large":false,"large":false,"event-post-thumb":false,"event-post-thumb-box":false,"1536x1536":false,"2048x2048":false,"post-thumbnail":false,"cmsmasters-small-thumb":false,"cmsmasters-square-thumb":false,"cmsmasters-blog-masonry-thumb":false,"cmsmasters-project-grid-thumb":false,"cmsmasters-project-thumb":false,"cmsmasters-project-masonry-thumb":false,"cmsmasters-masonry-thumb":false,"cmsmasters-full-thumb":false,"cmsmasters-project-full-thumb":false,"cmsmasters-full-masonry-thumb":false,"cmsmasters-event-thumb":false,"mailpoet_newsletter_max":false},"uagb_author_info":{"display_name":"","author_link":"https:\/\/www.parroquiadearnedo.org\/?author=3"},"uagb_comment_info":0,"uagb_excerpt":null,"_links":{"self":[{"href":"https:\/\/www.parroquiadearnedo.org\/index.php?rest_route=\/wp\/v2\/pages\/19306","targetHints":{"allow":["GET"]}}],"collection":[{"href":"https:\/\/www.parroquiadearnedo.org\/index.php?rest_route=\/wp\/v2\/pages"}],"about":[{"href":"https:\/\/www.parroquiadearnedo.org\/index.php?rest_route=\/wp\/v2\/types\/page"}],"author":[{"embeddable":true,"href":"https:\/\/www.parroquiadearnedo.org\/index.php?rest_route=\/wp\/v2\/users\/3"}],"replies":[{"embeddable":true,"href":"https:\/\/www.parroquiadearnedo.org\/index.php?rest_route=%2Fwp%2Fv2%2Fcomments&post=19306"}],"version-history":[{"count":24,"href":"https:\/\/www.parroquiadearnedo.org\/index.php?rest_route=\/wp\/v2\/pages\/19306\/revisions"}],"predecessor-version":[{"id":19689,"href":"https:\/\/www.parroquiadearnedo.org\/index.php?rest_route=\/wp\/v2\/pages\/19306\/revisions\/19689"}],"up":[{"embeddable":true,"href":"https:\/\/www.parroquiadearnedo.org\/index.php?rest_route=\/wp\/v2\/pages\/3282"}],"wp:attachment":[{"href":"https:\/\/www.parroquiadearnedo.org\/index.php?rest_route=%2Fwp%2Fv2%2Fmedia&parent=19306"}],"curies":[{"name":"wp","href":"https:\/\/api.w.org\/{rel}","templated":true}]}}